{"id":9972,"date":"2025-06-20T17:41:55","date_gmt":"2025-06-20T13:41:55","guid":{"rendered":"https:\/\/forthingmotor.az\/?page_id=9972"},"modified":"2025-06-26T19:59:45","modified_gmt":"2025-06-26T15:59:45","slug":"servis%c9%99-qeydiyyat","status":"publish","type":"page","link":"https:\/\/forthingmotor.az\/ru\/servis%c9%99-qeydiyyat\/","title":{"rendered":"Servis\u0259 Qeydiyyat"},"content":{"rendered":"<div data-elementor-type=\"wp-page\" data-elementor-id=\"9972\" class=\"elementor elementor-9972\">\n\t\t\t\t<div class=\"elementor-element elementor-element-106417f e-flex e-con-boxed e-con e-parent\" data-id=\"106417f\" data-element_type=\"container\">\n\t\t\t\t\t<div class=\"e-con-inner\">\n\t\t<div class=\"elementor-element elementor-element-5a28414 e-con-full e-flex e-con e-child\" data-id=\"5a28414\" data-element_type=\"container\" data-settings=\"{&quot;background_background&quot;:&quot;classic&quot;}\">\n\t\t\t\t<div class=\"elementor-element elementor-element-1dc6f56 elementor-widget elementor-widget-heading\" data-id=\"1dc6f56\" data-element_type=\"widget\" data-widget_type=\"heading.default\">\n\t\t\t\t<div class=\"elementor-widget-container\">\n\t\t\t<h2 class=\"elementor-heading-title elementor-size-default\">Servisin \u00fcnvan: <br>Bak\u0131 \u015f., N\u0259rimanov r., Z.B\u00fcnyadov pr. 86 b<\/h2>\t\t<\/div>\n\t\t\t\t<\/div>\n\t\t\t\t<div class=\"elementor-element elementor-element-0b23e49 elementor-widget elementor-widget-shortcode\" data-id=\"0b23e49\" data-element_type=\"widget\" data-widget_type=\"shortcode.default\">\n\t\t\t\t<div class=\"elementor-widget-container\">\n\t\t\t\t\t<div class=\"elementor-shortcode\">\n<div class=\"wpcf7 no-js\" id=\"wpcf7-f2276-o1\" lang=\"en-US\" dir=\"ltr\" data-wpcf7-id=\"2276\">\n<div class=\"screen-reader-response\"><p role=\"status\" aria-live=\"polite\" aria-atomic=\"true\"><\/p> <ul><\/ul><\/div>\n<form action=\"\/ru\/wp-json\/wp\/v2\/pages\/9972#wpcf7-f2276-o1\" method=\"post\" class=\"wpcf7-form init\" aria-label=\"Contact form\" novalidate=\"novalidate\" data-status=\"init\" data-trp-original-action=\"\/ru\/wp-json\/wp\/v2\/pages\/9972#wpcf7-f2276-o1\">\n<div style=\"display: none;\">\n<input type=\"hidden\" name=\"_wpcf7\" value=\"2276\" \/>\n<input type=\"hidden\" name=\"_wpcf7_version\" value=\"6.0.6\" \/>\n<input type=\"hidden\" name=\"_wpcf7_locale\" value=\"en_US\" \/>\n<input type=\"hidden\" name=\"_wpcf7_unit_tag\" value=\"wpcf7-f2276-o1\" \/>\n<input type=\"hidden\" name=\"_wpcf7_container_post\" value=\"0\" \/>\n<input type=\"hidden\" name=\"_wpcf7_posted_data_hash\" value=\"\" \/>\n<\/div>\n<style>\n .form-label {\n display: block;\n margin-bottom: 1px;\n margin-top: 1px;\n font-weight: bold;\n }\n\n .form-control,\n .form-select {\n width: 100%;\n padding: 10px;\n font-size: 15px;\n border: 1px solid #ccc;\n border-radius: 6px;\n box-sizing: border-box;\n }\n\n .input-group {\n display: flex;\n align-items: center;\n }\n\n .input-group-text {\n background-color: #f0f0f0;\n border: 1px solid #ccc;\n padding: 12px 12px;\n font-size: 15px;\n border-radius: 6px;\n white-space: nowrap;\n }\n\n .input-group input {\n border-radius: 6px;\n flex: 1;\n border: 1px solid #ccc;\n border-left: 1px solid #ccc;;\n padding: 10px;\n font-size: 15px;\n }\n\n .submit-btn {\n background-color: #0d335c;\n color: white;\n padding: 12px;\n border: none;\n font-weight: bold;\n border-radius: 999px;\n width: 100%;\n cursor: pointer;\n font-size: 20px;\n text-align: center;\n }\n\n .gy-3 > div {\n margin-bottom: 16px;\n }\n<\/style>\n<div class=\"row gy-3\">\n\n <!-- Xidm\u0259t Se\u00e7imi -->\n\t<div class=\"col-12\">\n\t\t<p><label for=\"service\" class=\"form-label\">Xidm\u0259t Se\u00e7in<\/label><br \/>\n<span class=\"wpcf7-form-control-wrap\" data-name=\"service\"><select class=\"wpcf7-form-control wpcf7-select wpcf7-validates-as-required form-select\" id=\"service\" aria-required=\"true\" aria-invalid=\"false\" name=\"service\"><option value=\"Ya\u011f d\u0259yi\u015fikliyi\">Ya\u011f d\u0259yi\u015fikliyi<\/option><option value=\"Q\u0259za hadis\u0259si\">Q\u0259za hadis\u0259si<\/option><option value=\"Diaqnostika xidm\u0259ti\">Diaqnostika xidm\u0259ti<\/option><option value=\"Filter d\u0259yi\u015fikliyi\">Filter d\u0259yi\u015fikliyi<\/option><option value=\"\u018fyl\u0259c sistemi yoxlan\u0131\u015f\u0131\">\u018fyl\u0259c sistemi yoxlan\u0131\u015f\u0131<\/option><option value=\"M\u00fch\u0259rrik diaqnostikas\u0131\">M\u00fch\u0259rrik diaqnostikas\u0131<\/option><option value=\"Kondisioner xidm\u0259ti\">Kondisioner xidm\u0259ti<\/option><option value=\"T\u0259k\u0259r balans\u0131 v\u0259 rotasiya\">T\u0259k\u0259r balans\u0131 v\u0259 rotasiya<\/option><option value=\"\u00dcmumi texniki bax\u0131\u015f\">\u00dcmumi texniki bax\u0131\u015f<\/option><option value=\"Dig\u0259r Xidm\u0259tl\u0259r\">Dig\u0259r Xidm\u0259tl\u0259r<\/option><\/select><\/span>\n\t\t<\/p>\n\t<\/div>\n\n <!-- Xidm\u0259t Yeri Se\u00e7imi -->\n\t<div class=\"col-12\">\n\t\t<p><label for=\"location\" class=\"form-label\">Xidm\u0259t Yeri Se\u00e7in<\/label><br \/>\n<span class=\"wpcf7-form-control-wrap\" data-name=\"location\"><select class=\"wpcf7-form-control wpcf7-select wpcf7-validates-as-required form-select\" id=\"location\" aria-required=\"true\" aria-invalid=\"false\" name=\"location\"><option value=\"Bak\u0131, Ziya B\u00fcnyadov 86B\">Bak\u0131, Ziya B\u00fcnyadov 86B<\/option><option value=\"X\u0131rdalan, H\u0259s\u0259n \u018fliyev k\u00fc\u00e7\u0259si (TEZL\u0130KL\u018f X\u0130DM\u018fT\u0130N\u0130ZD\u018f)\">X\u0131rdalan, H\u0259s\u0259n \u018fliyev k\u00fc\u00e7\u0259si (TEZL\u0130KL\u018f X\u0130DM\u018fT\u0130N\u0130ZD\u018f)<\/option><\/select><\/span>\n\t\t<\/p>\n\t<\/div>\n\n <!-- Tarix Se\u00e7imi -->\n\t<div class=\"col-md-6\">\n\t\t<p><label for=\"date\" class=\"form-label\">Tarix Se\u00e7in<\/label><br \/>\n<span class=\"wpcf7-form-control-wrap\" data-name=\"date\"><input class=\"wpcf7-form-control wpcf7-date wpcf7-validates-as-required wpcf7-validates-as-date form-control\" id=\"date\" aria-required=\"true\" aria-invalid=\"false\" placeholder=\"Tarix se\u00e7in\" value=\"\" type=\"date\" name=\"date\" \/><\/span>\n\t\t<\/p>\n\t<\/div>\n\n <!-- Vaxt Se\u00e7imi -->\n\t<div class=\"col-md-6\">\n\t\t<p><label for=\"time\" class=\"form-label\">Vaxt Se\u00e7in<\/label><br \/>\n<span class=\"wpcf7-form-control-wrap\" data-name=\"time\"><select class=\"wpcf7-form-control wpcf7-select wpcf7-validates-as-required form-select\" id=\"time\" aria-required=\"true\" aria-invalid=\"false\" name=\"time\"><option value=\"10:00\">10:00<\/option><option value=\"11:00\">11:00<\/option><option value=\"12:00\">12:00<\/option><option value=\"13:00\">13:00<\/option><option value=\"14:00\">14:00<\/option><option value=\"15:00\">15:00<\/option><option value=\"16:00\">16:00<\/option><option value=\"17:00\">17:00<\/option><\/select><\/span>\n\t\t<\/p>\n\t<\/div>\n\n <!-- D\u00f6vl\u0259t Qeydiyyat N\u00f6mr\u0259 Ni\u015fan\u0131 -->\n\t<div class=\"col-md-6\">\n\t\t<p><label for=\"plate\" class=\"form-label\">D\u00f6vl\u0259t Qeydiyyat N\u00f6mr\u0259 Ni\u015fan\u0131<\/label><br \/>\n<span class=\"wpcf7-form-control-wrap\" data-name=\"plate\"><input size=\"40\" maxlength=\"400\" class=\"wpcf7-form-control wpcf7-text wpcf7-validates-as-required form-control\" id=\"plate\" aria-required=\"true\" aria-invalid=\"false\" placeholder=\"M\u0259s\u0259l\u0259n: 10-AA-001\" value=\"\" type=\"text\" name=\"plate\" \/><\/span>\n\t\t<\/p>\n\t<\/div>\n\n <!-- \u018flaq\u0259 N\u00f6mr\u0259si -->\n\t<div class=\"col-md-6\">\n\t\t<p><label for=\"phone\" class=\"form-label\">\u018flaq\u0259 N\u00f6mr\u0259si (WhatsApp N\u00f6mr\u0259niz)<\/label>\n\t\t<\/p>\n\t\t<div class=\"input-group\">\n\t\t\t<p><span class=\"wpcf7-form-control-wrap\" data-name=\"phone\"><input size=\"40\" maxlength=\"400\" class=\"wpcf7-form-control wpcf7-tel wpcf7-validates-as-required wpcf7-text wpcf7-validates-as-tel form-control\" id=\"phone\" aria-required=\"true\" aria-invalid=\"false\" placeholder=\"50XXXXXXX\" value=\"\" type=\"tel\" name=\"phone\" \/><\/span>\n\t\t\t<\/p>\n\t\t<\/div>\n\t<\/div>\n\n <!-- Submit d\u00fcym\u0259si -->\n\t<div class=\"col-12\">\n\t\t<p><input class=\"wpcf7-form-control wpcf7-submit has-spinner submit-btn\" type=\"submit\" value=\"T\u0259sdiql\u0259\" \/>\n\t\t<\/p>\n\t<\/div>\n<\/div>\n<p><script>\n document.addEventListener('DOMContentLoaded', function () {\n \/\/ Add +994 prefix automatically if not present\n const phoneInput = document.getElementById('phone');\n if (phoneInput) {\n phoneInput.addEventListener('focus', function () {\n if (!this.value.startsWith('994')) {\n this.value = '994';\n }\n });\n\n phoneInput.addEventListener('input', function () {\n if (!this.value.startsWith('994')) {\n this.value = '994';\n }\n });\n }\n\n \/\/ Set today's date as minimum for date input\n const dateInput = document.getElementById('date');\n if (dateInput) {\n const today = new Date().toISOString().split('T')[0];\n dateInput.setAttribute('min', today);\n\n \/\/ Disable Sundays on date input\n dateInput.addEventListener('change', function () {\n const selectedDate = new Date(this.value);\n if (selectedDate.getDay() === 0) {\n alert(\"Bazar g\u00fcnl\u0259ri servisimiz f\u0259aliyy\u0259t g\u00f6st\u0259rmir. Z\u0259hm\u0259t olmasa ba\u015fqa bir g\u00fcn se\u00e7in.\");\n this.value = '';\n }\n });\n }\n });\n<\/script>\n<\/p><div class=\"wpcf7-response-output\" aria-hidden=\"true\"><\/div>\n<input type=\"hidden\" name=\"trp-form-language\" value=\"ru\"\/><\/form>\n<\/div>\n<\/div>\n\t\t\t\t<\/div>\n\t\t\t\t<\/div>\n\t\t\t\t<div class=\"elementor-element elementor-element-03829a2 elementor-widget elementor-widget-text-editor\" data-id=\"03829a2\" data-element_type=\"widget\" data-widget_type=\"text-editor.default\">\n\t\t\t\t<div class=\"elementor-widget-container\">\n\t\t\t\t\t\t\t<p>Bu forman\u0131 t\u0259qdim etm\u0259kl\u0259 siz he\u00e7 bir \u00f6hd\u0259lik g\u00f6t\u00fcrm\u0259d\u0259n xidm\u0259t g\u00f6r\u00fc\u015f\u00fcn\u00fc t\u0259yin ed\u0259c\u0259ksiniz v\u0259 xidm\u0259t m\u0259sl\u0259h\u0259t\u00e7isi t\u0259r\u0259find\u0259n 24 saat \u0259rzind\u0259 \u0259laq\u0259 saxlan\u0131lacaq.<\/p>\t\t\t\t\t\t<\/div>\n\t\t\t\t<\/div>\n\t\t\t\t<\/div>\n\t\t\t\t\t<\/div>\n\t\t\t\t<\/div>\n\t\t\t\t<\/div>","protected":false},"excerpt":{"rendered":"<p>Servisin \u00fcnvan: Bak\u0131 \u015f., N\u0259rimanov r., Z.B\u00fcnyadov pr. 86 b Bu forman\u0131 t\u0259qdim etm\u0259kl\u0259 siz he\u00e7 bir \u00f6hd\u0259lik g\u00f6t\u00fcrm\u0259d\u0259n xidm\u0259t g\u00f6r\u00fc\u015f\u00fcn\u00fc t\u0259yin ed\u0259c\u0259ksiniz v\u0259 xidm\u0259t m\u0259sl\u0259h\u0259t\u00e7isi t\u0259r\u0259find\u0259n 24 saat \u0259rzind\u0259 \u0259laq\u0259 saxlan\u0131lacaq.<\/p>","protected":false},"author":1,"featured_media":0,"parent":0,"menu_order":0,"comment_status":"closed","ping_status":"closed","template":"","meta":{"inline_featured_image":false,"footnotes":""},"class_list":["post-9972","page","type-page","status-publish","hentry"],"rankMath":{"parentDomain":"forthingmotor.az","noFollowDomains":[],"noFollowExcludeDomains":[],"noFollowExternalLinks":false,"featuredImageNotice":"The featured image should be at least 200 by 200 pixels to be picked up by Facebook and other social media sites.","pluginReviewed":false,"postSettings":{"linkSuggestions":true,"useFocusKeyword":false},"frontEndScore":false,"postName":"servis%c9%99-qeydiyyat","permalinkFormat":"https:\/\/forthingmotor.az\/ru\/%pagename%\/","showLockModifiedDate":true,"assessor":{"focusKeywordLink":"https:\/\/forthingmotor.az\/wp-admin\/edit.php?focus_keyword=%focus_keyword%&post_type=%post_type%","hasTOCPlugin":false,"primaryTaxonomy":false,"serpData":{"title":"","description":"","focusKeywords":"","pillarContent":false,"canonicalUrl":"","breadcrumbTitle":"","advancedRobots":[],"facebookTitle":"","facebookDescription":"","facebookImage":"","facebookImageID":"","facebookHasOverlay":false,"facebookImageOverlay":"","facebookAuthor":"","twitterCardType":"","twitterUseFacebook":true,"twitterTitle":"","twitterDescription":"","twitterImage":"","twitterImageID":"","twitterHasOverlay":false,"twitterImageOverlay":"","twitterPlayerUrl":"","twitterPlayerSize":"","twitterPlayerStream":"","twitterPlayerStreamCtype":"","twitterAppDescription":"","twitterAppIphoneName":"","twitterAppIphoneID":"","twitterAppIphoneUrl":"","twitterAppIpadName":"","twitterAppIpadID":"","twitterAppIpadUrl":"","twitterAppGoogleplayName":"","twitterAppGoogleplayID":"","twitterAppGoogleplayUrl":"","twitterAppCountry":"","robots":{"index":true},"twitterAuthor":"username","primaryTerm":0,"authorName":"forthingmotor_admin","titleTemplate":"%title% %page% %sep% %sitename%","descriptionTemplate":"","showScoreFrontend":true,"lockModifiedDate":false},"powerWords":[],"diacritics":{"A":"[\\u0410\\u0430]","B":"[\\u0411\\u0431]","V":"[\\u0412\\u0432]","G":"[\\u0413\\u0433]","D":"[\\u0414\\u0434]","YE":"[\\u0415\\u0435]","YO":"[\\u0401\\u0451]","ZH":"[\\u0416\\u0436]","Z":"[\\u0417\\u0437]","EE":"[\\u0418\\u0438]","YI":"[\\u0419\\u0439]","K":"[\\u041A\\u043A]","L":"[\\u041B\\u043B]","M":"[\\u041C\\u043c]","P":"[\\u041F\\u043F]","T":"[\\u0422\\u0442]","U":"[\\u0423\\u0443]","F":"[\\u0424\\u0444]","H":"[\\u0425\\u0445]","TS":"[\\u0426\\u0446]","CH":"[\\u0427\\u0447]","SH":"[\\u0428\\u0448\\u0429\\u0449]","I":"[\\u042B\\u044B]","E":"[\\u042D\\u044D]","YU":"[\\u042E\\u044E]","YA":"[\\u042F\\u044F]","N":"[\\u041D\\u043D]"},"researchesTests":["contentHasTOC","contentHasShortParagraphs","contentHasAssets","keywordInTitle","keywordInMetaDescription","keywordInPermalink","keywordIn10Percent","keywordInContent","keywordInSubheadings","keywordInImageAlt","keywordDensity","keywordNotUsed","lengthContent","lengthPermalink","linksHasInternal","linksHasExternals","linksNotAllExternals","titleStartWithKeyword","titleSentiment","titleHasPowerWords","titleHasNumber","hasContentAI"],"hasRedirection":false,"hasBreadcrumb":true},"homeUrl":"https:\/\/forthingmotor.az\/ru","objectID":9972,"objectType":"post","locale":"ru","localeFull":"ru_RU","overlayImages":{"play":{"name":"Play icon","url":"https:\/\/forthingmotor.az\/wp-content\/plugins\/seo-by-rank-math\/assets\/admin\/img\/icon-play.png","path":"\/home\/u809525418\/domains\/forthingmotor.az\/public_html\/wp-content\/plugins\/seo-by-rank-math\/assets\/admin\/img\/icon-play.png","position":"middle_center"},"gif":{"name":"GIF icon","url":"https:\/\/forthingmotor.az\/wp-content\/plugins\/seo-by-rank-math\/assets\/admin\/img\/icon-gif.png","path":"\/home\/u809525418\/domains\/forthingmotor.az\/public_html\/wp-content\/plugins\/seo-by-rank-math\/assets\/admin\/img\/icon-gif.png","position":"middle_center"}},"defautOgImage":"https:\/\/forthingmotor.az\/wp-content\/plugins\/seo-by-rank-math\/assets\/admin\/img\/social-placeholder.jpg","customPermalinks":true,"isUserRegistered":true,"autoSuggestKeywords":true,"connectSiteUrl":"https:\/\/rankmath.com\/auth?site=https%3A%2F%2Fforthingmotor.az%2Fru&r=https%3A%2F%2Fforthingmotor.az%2Fru%2Fwp-json%2Fwp%2Fv2%2Fpages%2F9972%3Fnonce%3D1ec8557049","maxTags":5,"trendsIcon":"<svg viewBox=\"0 0 610 610\"><path d=\"M18.85,446,174.32,290.48l58.08,58.08L76.93,504a14.54,14.54,0,0,1-20.55,0L18.83,466.48a14.54,14.54,0,0,1,0-20.55Z\" style=\"fill:#4285f4\"\/><path d=\"M242.65,242.66,377.59,377.6l-47.75,47.75a14.54,14.54,0,0,1-20.55,0L174.37,290.43l47.75-47.75A14.52,14.52,0,0,1,242.65,242.66Z\" style=\"fill:#ea4335\"\/><polygon points=\"319.53 319.53 479.26 159.8 537.34 217.88 377.61 377.62 319.53 319.53\" style=\"fill:#fabb05\"\/><path d=\"M594.26,262.73V118.61h0a16.94,16.94,0,0,0-16.94-16.94H433.2a16.94,16.94,0,0,0-12,28.92L565.34,274.71h0a16.94,16.94,0,0,0,28.92-12Z\" style=\"fill:#34a853\"\/><rect width=\"610\" height=\"610\" style=\"fill:none\"\/><\/svg>","showScore":true,"siteFavIcon":"https:\/\/forthingmotor.az\/wp-content\/uploads\/2024\/05\/cropped-fothing-site-icon-32x32.png","canUser":{"general":false,"advanced":false,"snippet":false,"social":false,"analysis":false,"analytics":false,"content_ai":false},"showKeywordIntent":true,"isPro":false,"is_front_page":false,"trendsUpgradeLink":"https:\/\/rankmath.com\/pricing\/?utm_source=Plugin&utm_medium=CE%20General%20Tab%20Trends&utm_campaign=WP","trendsUpgradeLabel":"Upgrade","trendsPreviewImage":"https:\/\/forthingmotor.az\/wp-content\/plugins\/seo-by-rank-math\/assets\/admin\/img\/trends-preview.jpg","currentEditor":false,"homepageData":{"assessor":{"powerWords":[],"diacritics":true,"researchesTests":["contentHasTOC","contentHasShortParagraphs","contentHasAssets","keywordInTitle","keywordInMetaDescription","keywordInPermalink","keywordIn10Percent","keywordInContent","keywordInSubheadings","keywordInImageAlt","keywordDensity","keywordNotUsed","lengthContent","lengthPermalink","linksHasInternal","linksHasExternals","linksNotAllExternals","titleStartWithKeyword","titleSentiment","titleHasPowerWords","titleHasNumber","hasContentAI"],"hasBreadcrumb":true,"serpData":{"title":"%sitename% %page% %sep% %sitedesc%","description":"","titleTemplate":"%sitename% %page% %sep% %sitedesc%","descriptionTemplate":"","focusKeywords":"","breadcrumbTitle":"Home","robots":{"index":true},"advancedRobots":[],"facebookTitle":"","facebookDescription":"","facebookImage":"","facebookImageID":""}}},"tocTitle":"Table of Contents","tocExcludeHeadings":[],"listStyle":"ul"},"_links":{"self":[{"href":"https:\/\/forthingmotor.az\/ru\/wp-json\/wp\/v2\/pages\/9972","targetHints":{"allow":["GET"]}}],"collection":[{"href":"https:\/\/forthingmotor.az\/ru\/wp-json\/wp\/v2\/pages"}],"about":[{"href":"https:\/\/forthingmotor.az\/ru\/wp-json\/wp\/v2\/types\/page"}],"author":[{"embeddable":true,"href":"https:\/\/forthingmotor.az\/ru\/wp-json\/wp\/v2\/users\/1"}],"replies":[{"embeddable":true,"href":"https:\/\/forthingmotor.az\/ru\/wp-json\/wp\/v2\/comments?post=9972"}],"version-history":[{"count":24,"href":"https:\/\/forthingmotor.az\/ru\/wp-json\/wp\/v2\/pages\/9972\/revisions"}],"predecessor-version":[{"id":10930,"href":"https:\/\/forthingmotor.az\/ru\/wp-json\/wp\/v2\/pages\/9972\/revisions\/10930"}],"wp:attachment":[{"href":"https:\/\/forthingmotor.az\/ru\/wp-json\/wp\/v2\/media?parent=9972"}],"curies":[{"name":"wp","href":"https:\/\/api.w.org\/{rel}","templated":true}]}}